{"id":70,"date":"2026-03-20T11:54:35","date_gmt":"2026-03-20T11:54:35","guid":{"rendered":"https:\/\/veggie-horn.com\/?post_type=product&#038;p=70"},"modified":"2026-04-09T14:25:07","modified_gmt":"2026-04-09T14:25:07","slug":"die-bowu-wiener-art","status":"publish","type":"product","link":"https:\/\/veggie-horn.com\/hr\/proizvod\/die-bowu-wiener-art\/","title":{"rendered":"Wiener Art 200g"},"content":{"rendered":"<h3>Beschreibung<\/h3>\n<p>Die &#8222;Wiener-Alternative&#8220; ist eine pflanzliche Alternative zur klassischen Wiener mit mildem Geschmack und zarter Textur. Sie eignet sich ideal f\u00fcr viele Zubereitungsarten.<\/p>\n<p>Ob im Wasserbad, als Hot Dog, in der Pfanne oder als Suppeneinlage \u2013 vielseitig und lecker.<\/p>\n<h3>Hinweise<\/h3>\n<p>Die Pelle ist nicht zum Verzehr geeignet.<\/p>\n<h3>Lagerung<\/h3>\n<p>Bei +2 \u00b0C bis +6 \u00b0C lagern. Nach dem \u00d6ffnen innerhalb von 4 Tagen verbrauchen. Kann eingefroren werden.<\/p>\n<h3>Zutaten<\/h3>\n<p>Wasser, Weizenprotein, Pflanzen\u00f6l (Kokosnuss), Sojaprotein, Maisst\u00e4rke, Gew\u00fcrze, Verdickungsmittel: Carrageen, Salz, Gew\u00fcrzextrakte, nat\u00fcrliche Aromen, Paprikakonzentrat, Bockshornkleeextrakt, R\u00fcbensaftkonzentrat, Eisenoxide.<\/p>\n<p><strong>Allergene:<\/strong> Enth\u00e4lt Weizen und Soja.<\/p>\n<h3>N\u00e4hrwerte pro 100 g<\/h3>\n<p>Energie: 864 kJ \/ 206 kcal<br \/>\nFett: 12 g<br \/>\ndavon ges\u00e4ttigte Fetts\u00e4uren: 0,2 g<br \/>\nKohlenhydrate: 7,6 g<br \/>\ndavon Zucker: 1,9 g<br \/>\nEiwei\u00df: 17,3 g<br \/>\nSalz: 0,9 g<\/p>","protected":false},"excerpt":{"rendered":"<p>Vegane Wiener-Alternative mit mildem Geschmack und zarter Textur. Proteinreich und vielseitig einsetzbar.<\/p>","protected":false},"featured_media":71,"comment_status":"open","ping_status":"closed","template":"","meta":[],"product_brand":[],"product_cat":[34],"product_tag":[26,24,25,22,23],"class_list":{"0":"post-70","1":"product","2":"type-product","3":"status-publish","4":"has-post-thumbnail","6":"product_cat-vegane-wurst","7":"product_tag-kuehlprodukt","8":"product_tag-pflanzlich","9":"product_tag-proteinreich","10":"product_tag-vegan","11":"product_tag-wurst","13":"first","14":"outofstock","15":"taxable","16":"shipping-taxable","17":"purchasable","18":"product-type-simple"},"_links":{"self":[{"href":"https:\/\/veggie-horn.com\/hr\/wp-json\/wp\/v2\/product\/70","targetHints":{"allow":["GET"]}}],"collection":[{"href":"https:\/\/veggie-horn.com\/hr\/wp-json\/wp\/v2\/product"}],"about":[{"href":"https:\/\/veggie-horn.com\/hr\/wp-json\/wp\/v2\/types\/product"}],"replies":[{"embeddable":true,"href":"https:\/\/veggie-horn.com\/hr\/wp-json\/wp\/v2\/comments?post=70"}],"wp:featuredmedia":[{"embeddable":true,"href":"https:\/\/veggie-horn.com\/hr\/wp-json\/wp\/v2\/media\/71"}],"wp:attachment":[{"href":"https:\/\/veggie-horn.com\/hr\/wp-json\/wp\/v2\/media?parent=70"}],"wp:term":[{"taxonomy":"product_brand","embeddable":true,"href":"https:\/\/veggie-horn.com\/hr\/wp-json\/wp\/v2\/product_brand?post=70"},{"taxonomy":"product_cat","embeddable":true,"href":"https:\/\/veggie-horn.com\/hr\/wp-json\/wp\/v2\/product_cat?post=70"},{"taxonomy":"product_tag","embeddable":true,"href":"https:\/\/veggie-horn.com\/hr\/wp-json\/wp\/v2\/product_tag?post=70"}],"curies":[{"name":"wp","href":"https:\/\/api.w.org\/{rel}","templated":true}]}}