{"id":783,"date":"2026-04-11T14:55:44","date_gmt":"2026-04-11T14:55:44","guid":{"rendered":"https:\/\/veggie-horn.com\/?page_id=783"},"modified":"2026-04-11T16:06:55","modified_gmt":"2026-04-11T16:06:55","slug":"hotel","status":"publish","type":"page","link":"https:\/\/veggie-horn.com\/hr\/hotel\/","title":{"rendered":"Hotel"},"content":{"rendered":"\t\t<div data-elementor-type=\"wp-page\" data-elementor-id=\"783\" class=\"elementor elementor-783\" data-elementor-post-type=\"page\">\n\t\t\t\t<div class=\"elementor-element elementor-element-08a11bf e-flex e-con-boxed e-con e-parent\" data-id=\"08a11bf\" data-element_type=\"container\" data-e-type=\"container\">\n\t\t\t\t\t<div class=\"e-con-inner\">\n\t\t\t\t<div class=\"elementor-element elementor-element-e7abe61 elementor-widget elementor-widget-text-editor\" data-id=\"e7abe61\" data-element_type=\"widget\" data-e-type=\"widget\" data-widget_type=\"text-editor.default\">\n\t\t\t\t\t\t\t\t\t<p data-start=\"928\" data-end=\"956\">B2B-Anfragen f\u00fcr Hotels &amp; Gastronomie\/ Einzelhandel<\/p><p>Sie betreiben ein Hotel, Restaurant oder einen Gastronomiebetrieb und haben Interesse an unseren veganen Produkten?<\/p><p>Kontaktieren Sie uns f\u00fcr eine m\u00f6gliche Zusammenarbeit,<\/p><p>eine Verkostung oder weitere Informationen<\/p><p>\u2013 wir melden uns zeitnah bei Ihnen.<\/p><p>\u00a0<\/p><p data-start=\"1091\" data-end=\"1173\">\u2714 Ideal f\u00fcr Fr\u00fchst\u00fcck &amp; Buffet<br data-start=\"1121\" data-end=\"1124\" \/>\u2714 Perfekt f\u00fcr vegane G\u00e4ste<br data-start=\"1152\" data-end=\"1155\" \/>\u2714 Hohe Nachfrage<\/p>\t\t\t\t\t\t\t\t<\/div>\n\t\t\t\t<div class=\"elementor-element elementor-element-62ffde7 elementor-widget elementor-widget-wpforms\" data-id=\"62ffde7\" data-element_type=\"widget\" data-e-type=\"widget\" data-widget_type=\"wpforms.default\">\n\t\t\t\t<div class=\"elementor-widget-container\">\n\t\t\t\t\t<div class=\"wpforms-container wpforms-container-full wpforms-render-modern\" id=\"wpforms-778\"><form id=\"wpforms-form-778\" class=\"wpforms-validate wpforms-form wpforms-ajax-form\" data-formid=\"778\" method=\"post\" enctype=\"multipart\/form-data\" action=\"\/hr\/wp-json\/wp\/v2\/pages\/783\" data-token=\"303f059a23cb2eb39adeff1e32ee9cd2\" data-token-time=\"1776759135\"><noscript class=\"wpforms-error-noscript\">Please enable JavaScript in your browser to complete this form.<\/noscript><div id=\"wpforms-error-noscript\" style=\"display: none;\">Please enable JavaScript in your browser to complete this form.<\/div><div class=\"wpforms-field-container\"><div id=\"wpforms-778-field_1-container\" class=\"wpforms-field wpforms-field-text\" data-field-id=\"1\"><label class=\"wpforms-field-label\" for=\"wpforms-778-field_1\">Firma<\/label><input type=\"text\" id=\"wpforms-778-field_1\" class=\"wpforms-field-medium\" name=\"wpforms[fields][1]\" aria-errormessage=\"wpforms-778-field_1-error\" ><\/div><div id=\"wpforms-778-field_2-container\" class=\"wpforms-field wpforms-field-text\" data-field-id=\"2\"><label class=\"wpforms-field-label\" for=\"wpforms-778-field_2\">Ansprechpartner <\/label><input type=\"text\" id=\"wpforms-778-field_2\" class=\"wpforms-field-medium\" name=\"wpforms[fields][2]\" aria-errormessage=\"wpforms-778-field_2-error\" ><\/div><div id=\"wpforms-778-field_3-container\" class=\"wpforms-field wpforms-field-email\" data-field-id=\"3\"><label class=\"wpforms-field-label\" for=\"wpforms-778-field_3\">E-Mail-Adresse <span class=\"wpforms-required-label\" aria-hidden=\"true\">*<\/span><\/label><input type=\"email\" id=\"wpforms-778-field_3\" class=\"wpforms-field-medium wpforms-field-required\" name=\"wpforms[fields][3]\" spellcheck=\"false\" aria-errormessage=\"wpforms-778-field_3-error\" required><\/div><div id=\"wpforms-778-field_4-container\" class=\"wpforms-field wpforms-field-number\" data-field-id=\"4\"><label class=\"wpforms-field-label\" for=\"wpforms-778-field_4\">Telefonnummer (optional)<\/label><input type=\"number\" id=\"wpforms-778-field_4\" class=\"wpforms-field-medium\" name=\"wpforms[fields][4]\" step=\"any\" aria-errormessage=\"wpforms-778-field_4-error\" ><\/div><div id=\"wpforms-778-field_6-container\" class=\"wpforms-field wpforms-field-select wpforms-field-select-style-classic\" data-field-id=\"6\"><label class=\"wpforms-field-label\" for=\"wpforms-778-field_6\">Art der Anfrage<\/label><select id=\"wpforms-778-field_6\" class=\"wpforms-field-medium\" name=\"wpforms[fields][6]\"><option value=\"Verkostung am Stand\"  class=\"choice-1 depth-1\"  >Verkostung am Stand<\/option><option value=\"Termin vereinbaren\"  class=\"choice-2 depth-1\"  >Termin vereinbaren<\/option><option value=\"Vegane Wurst \u2013 Hotel \/ Halbpension\"  class=\"choice-3 depth-1\"  >Vegane Wurst \u2013 Hotel \/ Halbpension<\/option><option value=\"Gro\u00dfabnahme \/ Einkauf\"  class=\"choice-4 depth-1\"  >Gro\u00dfabnahme \/ Einkauf<\/option><option value=\"Allgemeine B2B-Anfrage\"  class=\"choice-5 depth-1\"  >Allgemeine B2B-Anfrage<\/option><\/select><\/div><div id=\"wpforms-778-field_7-container\" class=\"wpforms-field wpforms-field-textarea\" data-field-id=\"7\"><label class=\"wpforms-field-label\" for=\"wpforms-778-field_7\">Nachricht \/ Besonderheiten (optional)<\/label><textarea id=\"wpforms-778-field_7\" class=\"wpforms-field-medium\" name=\"wpforms[fields][7]\" aria-errormessage=\"wpforms-778-field_7-error\" ><\/textarea><\/div>\t\t<div id=\"wpforms-778-field_5-container\"\n\t\t\tclass=\"wpforms-field wpforms-field-text\"\n\t\t\tdata-field-type=\"text\"\n\t\t\tdata-field-id=\"5\"\n\t\t\t>\n\t\t\t<label class=\"wpforms-field-label\" for=\"wpforms-778-field_5\" >Nachricht  Besonderheiten<\/label>\n\t\t\t<input type=\"text\" id=\"wpforms-778-field_5\" class=\"wpforms-field-medium\" name=\"wpforms[fields][5]\" >\n\t\t<\/div>\n\t\t<div id=\"wpforms-778-field_8-container\" class=\"wpforms-field wpforms-field-checkbox\" data-field-id=\"8\"><fieldset><legend class=\"wpforms-field-label\">Datenschutz<\/legend><ul id=\"wpforms-778-field_8\"><li class=\"choice-1 depth-1\"><input type=\"checkbox\" id=\"wpforms-778-field_8_1\" name=\"wpforms[fields][8][]\" value=\"Ich stimme der Verarbeitung meiner Daten gem\u00e4\u00df Datenschutzerkl\u00e4rung zu.\" aria-errormessage=\"wpforms-778-field_8_1-error\"  ><label class=\"wpforms-field-label-inline\" for=\"wpforms-778-field_8_1\">Ich stimme der Verarbeitung meiner Daten gem\u00e4\u00df Datenschutzerkl\u00e4rung zu.<\/label><\/li><\/ul><\/fieldset><\/div><script>\n\t\t\t\t( function() {\n\t\t\t\t\tconst style = document.createElement( 'style' );\n\t\t\t\t\tstyle.appendChild( document.createTextNode( '#wpforms-778-field_5-container { position: absolute !important; overflow: hidden !important; display: inline !important; height: 1px !important; width: 1px !important; z-index: -1000 !important; padding: 0 !important; } #wpforms-778-field_5-container input { visibility: hidden; } #wpforms-conversational-form-page #wpforms-778-field_5-container label { counter-increment: none; }' ) );\n\t\t\t\t\tdocument.head.appendChild( style );\n\t\t\t\t\tdocument.currentScript?.remove();\n\t\t\t\t} )();\n\t\t\t<\/script><\/div><!-- .wpforms-field-container --><div class=\"wpforms-recaptcha-container wpforms-is-recaptcha wpforms-is-recaptcha-type-v2\" ><div class=\"g-recaptcha\" data-sitekey=\"6LdXHbksAAAAALcglp6IApz6VF0c92sr7DXtbZHf\"><\/div><input type=\"text\" name=\"g-recaptcha-hidden\" class=\"wpforms-recaptcha-hidden\" style=\"position:absolute!important;clip:rect(0,0,0,0)!important;height:1px!important;width:1px!important;border:0!important;overflow:hidden!important;padding:0!important;margin:0!important;\" data-rule-recaptcha=\"1\"><\/div><div class=\"wpforms-submit-container\" ><input type=\"hidden\" name=\"wpforms[id]\" value=\"778\"><input type=\"hidden\" name=\"page_title\" value=\"\"><input type=\"hidden\" name=\"page_url\" value=\"https:\/\/veggie-horn.com\/hr\/wp-json\/wp\/v2\/pages\/783\"><input type=\"hidden\" name=\"url_referer\" value=\"\"><button type=\"submit\" name=\"wpforms[submit]\" id=\"wpforms-submit-778\" class=\"wpforms-submit\" data-alt-text=\"Wird gesendet\u00a0\u2026\" data-submit-text=\"Absenden\" aria-live=\"assertive\" value=\"wpforms-submit\">Absenden<\/button><img decoding=\"async\" src=\"https:\/\/veggie-horn.com\/wp-content\/plugins\/wpforms-lite\/assets\/images\/submit-spin.svg\" class=\"wpforms-submit-spinner\" style=\"display: none;\" width=\"26\" height=\"26\" alt=\"Loading\"><\/div><\/form><\/div>  <!-- .wpforms-container -->\t\t\t\t<\/div>\n\t\t\t\t<\/div>\n\t\t\t\t\t<\/div>\n\t\t\t\t<\/div>\n\t\t\t\t<\/div>\n\t\t","protected":false},"excerpt":{"rendered":"<p>B2B-Anfragen f\u00fcr Hotels &amp; Gastronomie\/ Einzelhandel Sie betreiben ein Hotel, Restaurant oder einen Gastronomiebetrieb und haben Interesse an unseren veganen Produkten? Kontaktieren Sie uns f\u00fcr eine m\u00f6gliche Zusammenarbeit, eine Verkostung oder weitere Informationen \u2013 wir melden uns zeitnah bei Ihnen. \u00a0 \u2714 Ideal f\u00fcr Fr\u00fchst\u00fcck &amp; Buffet\u2714 Perfekt f\u00fcr vegane G\u00e4ste\u2714 Hohe Nachfrage Bitte aktiviere [&hellip;]<\/p>\n","protected":false},"author":1,"featured_media":0,"parent":0,"menu_order":0,"comment_status":"closed","ping_status":"closed","template":"","meta":{"footnotes":""},"class_list":["post-783","page","type-page","status-publish","hentry"],"_links":{"self":[{"href":"https:\/\/veggie-horn.com\/hr\/wp-json\/wp\/v2\/pages\/783","targetHints":{"allow":["GET"]}}],"collection":[{"href":"https:\/\/veggie-horn.com\/hr\/wp-json\/wp\/v2\/pages"}],"about":[{"href":"https:\/\/veggie-horn.com\/hr\/wp-json\/wp\/v2\/types\/page"}],"author":[{"embeddable":true,"href":"https:\/\/veggie-horn.com\/hr\/wp-json\/wp\/v2\/users\/1"}],"replies":[{"embeddable":true,"href":"https:\/\/veggie-horn.com\/hr\/wp-json\/wp\/v2\/comments?post=783"}],"version-history":[{"count":19,"href":"https:\/\/veggie-horn.com\/hr\/wp-json\/wp\/v2\/pages\/783\/revisions"}],"predecessor-version":[{"id":808,"href":"https:\/\/veggie-horn.com\/hr\/wp-json\/wp\/v2\/pages\/783\/revisions\/808"}],"wp:attachment":[{"href":"https:\/\/veggie-horn.com\/hr\/wp-json\/wp\/v2\/media?parent=783"}],"curies":[{"name":"wp","href":"https:\/\/api.w.org\/{rel}","templated":true}]}}