{"id":29,"date":"2026-03-18T06:44:10","date_gmt":"2026-03-18T06:44:10","guid":{"rendered":"https:\/\/veggie-horn.com\/?page_id=29"},"modified":"2026-04-01T12:53:45","modified_gmt":"2026-04-01T12:53:45","slug":"impressum","status":"publish","type":"page","link":"https:\/\/veggie-horn.com\/hr\/impressum\/","title":{"rendered":"Pravna obavijest"},"content":{"rendered":"\t\t<div data-elementor-type=\"wp-page\" data-elementor-id=\"29\" class=\"elementor elementor-29\" data-elementor-post-type=\"page\">\n\t\t\t\t<div class=\"elementor-element elementor-element-1edbfc7 e-flex e-con-boxed e-con e-parent\" data-id=\"1edbfc7\" data-element_type=\"container\" data-e-type=\"container\">\n\t\t\t\t\t<div class=\"e-con-inner\">\n\t\t\t\t<div class=\"elementor-element elementor-element-a239b34 elementor-widget elementor-widget-text-editor\" data-id=\"a239b34\" data-element_type=\"widget\" data-e-type=\"widget\" data-widget_type=\"text-editor.default\">\n\t\t\t\t\t\t\t\t\t<p>Impressum<\/p><p>Veggie Horn j.d.o.o.<br \/>[Stra\u00dfe Hausnummer]<br \/>10631 Sesvete<br \/>Kroatien<\/p><p>OIB: 9988574981<br \/>E-Mail: postfach@veggie-horn.com<\/p><p>Vertreten durch:<br \/>Kay Mei\u00dfner Gesch\u00e4ftsf\u00fchrer<\/p><p>Registereintrag:<br \/>Eingetragen im Handelsregister der Republik Kroatien<br \/>Registergericht: [einf\u00fcgen]<br \/>Registernummer (MBS): [einf\u00fcgen]<\/p><p>Umsatzsteuer-Identifikationsnummer:<br \/>[falls vorhanden einf\u00fcgen]<\/p><p>Verantwortlich f\u00fcr den Inhalt:<br \/>Kay Mei\u00dfner<br \/>[Stra\u00dfe Hausnummer]<br \/>10631 Sesvete<br \/>Kroatien<\/p><p>Online-Streitbeilegung:<br \/>Die Europ\u00e4ische Kommission stellt eine Plattform zur Online-Streitbeilegung (OS) bereit:<br \/>https:\/\/ec.europa.eu\/consumers\/odr\/<\/p><p>Wir sind nicht verpflichtet und nicht bereit, an Streitbeilegungsverfahren vor einer Verbraucherschlichtungsstelle teilzunehmen.<\/p>\t\t\t\t\t\t\t\t<\/div>\n\t\t\t\t\t<\/div>\n\t\t\t\t<\/div>\n\t\t\t\t<\/div>\n\t\t","protected":false},"excerpt":{"rendered":"<p>Impressum Veggie Horn j.d.o.o.[Stra\u00dfe Hausnummer]10631 SesveteKroatien OIB: 9988574981E-Mail: postfach@veggie-horn.com Vertreten durch:Kay Mei\u00dfner Gesch\u00e4ftsf\u00fchrer Registereintrag:Eingetragen im Handelsregister der Republik KroatienRegistergericht: [einf\u00fcgen]Registernummer (MBS): [einf\u00fcgen] Umsatzsteuer-Identifikationsnummer:[falls vorhanden einf\u00fcgen] Verantwortlich f\u00fcr den Inhalt:Kay Mei\u00dfner[Stra\u00dfe Hausnummer]10631 SesveteKroatien Online-Streitbeilegung:Die Europ\u00e4ische Kommission stellt eine Plattform zur Online-Streitbeilegung (OS) bereit:https:\/\/ec.europa.eu\/consumers\/odr\/ Wir sind nicht verpflichtet und nicht bereit, an Streitbeilegungsverfahren vor einer Verbraucherschlichtungsstelle teilzunehmen.<\/p>\n","protected":false},"author":1,"featured_media":0,"parent":0,"menu_order":0,"comment_status":"closed","ping_status":"closed","template":"","meta":{"footnotes":""},"class_list":["post-29","page","type-page","status-publish","hentry"],"_links":{"self":[{"href":"https:\/\/veggie-horn.com\/hr\/wp-json\/wp\/v2\/pages\/29","targetHints":{"allow":["GET"]}}],"collection":[{"href":"https:\/\/veggie-horn.com\/hr\/wp-json\/wp\/v2\/pages"}],"about":[{"href":"https:\/\/veggie-horn.com\/hr\/wp-json\/wp\/v2\/types\/page"}],"author":[{"embeddable":true,"href":"https:\/\/veggie-horn.com\/hr\/wp-json\/wp\/v2\/users\/1"}],"replies":[{"embeddable":true,"href":"https:\/\/veggie-horn.com\/hr\/wp-json\/wp\/v2\/comments?post=29"}],"version-history":[{"count":4,"href":"https:\/\/veggie-horn.com\/hr\/wp-json\/wp\/v2\/pages\/29\/revisions"}],"predecessor-version":[{"id":587,"href":"https:\/\/veggie-horn.com\/hr\/wp-json\/wp\/v2\/pages\/29\/revisions\/587"}],"wp:attachment":[{"href":"https:\/\/veggie-horn.com\/hr\/wp-json\/wp\/v2\/media?parent=29"}],"curies":[{"name":"wp","href":"https:\/\/api.w.org\/{rel}","templated":true}]}}