{"id":24,"date":"2026-03-18T06:45:58","date_gmt":"2026-03-18T06:45:58","guid":{"rendered":"https:\/\/veggie-horn.com\/?page_id=24"},"modified":"2026-04-06T13:43:41","modified_gmt":"2026-04-06T13:43:41","slug":"ueber-uns","status":"publish","type":"page","link":"https:\/\/veggie-horn.com\/hr\/ueber-uns\/","title":{"rendered":"O nama"},"content":{"rendered":"<div data-elementor-type=\"wp-page\" data-elementor-id=\"24\" class=\"elementor elementor-24\" data-elementor-post-type=\"page\">\n\t\t\t\t<div class=\"elementor-element elementor-element-a24ec08 e-flex e-con-boxed e-con e-parent\" data-id=\"a24ec08\" data-element_type=\"container\" data-e-type=\"container\">\n\t\t\t\t\t<div class=\"e-con-inner\">\n\t\t<div class=\"elementor-element elementor-element-dade1fd e-con-full e-flex e-con e-child\" data-id=\"dade1fd\" data-element_type=\"container\" data-e-type=\"container\">\n\t\t\t\t<div class=\"elementor-element elementor-element-4c2e4df elementor-widget elementor-widget-heading\" data-id=\"4c2e4df\" data-element_type=\"widget\" data-e-type=\"widget\" data-widget_type=\"heading.default\">\n\t\t\t\t\t<h6 class=\"elementor-heading-title elementor-size-default\">Veggie Horn<\/h6>\t\t\t\t<\/div>\n\t\t\t\t<div class=\"elementor-element elementor-element-7b6d235 elementor-widget elementor-widget-heading\" data-id=\"7b6d235\" data-element_type=\"widget\" data-e-type=\"widget\" data-widget_type=\"heading.default\">\n\t\t\t\t\t<h1 class=\"elementor-heading-title elementor-size-default\">Pflanzlicher\n\n Genuss\nmit Haltung.<\/h1>\t\t\t\t<\/div>\n\t\t\t\t<div class=\"elementor-element elementor-element-6d14992 elementor-widget elementor-widget-text-editor\" data-id=\"6d14992\" data-element_type=\"widget\" data-e-type=\"widget\" data-widget_type=\"text-editor.default\">\n\t\t\t\t\t\t\t\t\t<p>Bei Veggie Horn glauben wir, dass guter Geschmack, ehrliche Zutaten und bewusster Konsum zusammengeh\u00f6ren.<br data-start=\"897\" data-end=\"900\" \/>Wir m\u00f6chten pflanzliche Produkte anbieten, die nicht nur \u00fcberzeugen, sondern im Alltag wirklich Freude machen.<\/p>\t\t\t\t\t\t\t\t<\/div>\n\t\t\t\t<div class=\"elementor-element elementor-element-1fe6721 elementor-widget elementor-widget-text-editor\" data-id=\"1fe6721\" data-element_type=\"widget\" data-e-type=\"widget\" data-widget_type=\"text-editor.default\">\n\t\t\t\t\t\t\t\t\t<p>Unsere Auswahl steht f\u00fcr Qualit\u00e4t, Klarheit und Genuss \u2013 sorgf\u00e4ltig ausgew\u00e4hlt und mit einem Anspruch, der \u00fcber Standard hinausgeht.<\/p>\t\t\t\t\t\t\t\t<\/div>\n\t\t\t\t<div class=\"elementor-element elementor-element-492756b elementor-align-left elementor-widget elementor-widget-button\" data-id=\"492756b\" data-element_type=\"widget\" data-e-type=\"widget\" data-widget_type=\"button.default\">\n\t\t\t\t\t\t\t\t\t\t<a class=\"elementor-button elementor-button-link elementor-size-sm\" href=\"https:\/\/veggie-horn.com\/hr\/shop\/\">\n\t\t\t\t\t\t<span class=\"elementor-button-content-wrapper\">\n\t\t\t\t\t\t\t\t\t<span class=\"elementor-button-text\">Jetzt einkaufen<\/span>\n\t\t\t\t\t<\/span>\n\t\t\t\t\t<\/a>\n\t\t\t\t\t\t\t\t<\/div>\n\t\t\t\t<\/div>\n\t\t<div class=\"elementor-element elementor-element-73ea769 e-con-full e-flex e-con e-child\" data-id=\"73ea769\" data-element_type=\"container\" data-e-type=\"container\" data-settings=\"{&quot;background_background&quot;:&quot;classic&quot;}\">\n\t\t\t\t<div class=\"elementor-element elementor-element-25205c1 elementor-widget elementor-widget-image\" data-id=\"25205c1\" data-element_type=\"widget\" data-e-type=\"widget\" data-widget_type=\"image.default\">\n\t\t\t\t\t\t\t\t\t\t\t\t\t\t\t<img fetchpriority=\"high\" decoding=\"async\" width=\"684\" height=\"1024\" src=\"https:\/\/veggie-horn.com\/wp-content\/uploads\/2026\/03\/DSC_3235-684x1024.jpg\" class=\"attachment-large size-large wp-image-462\" alt=\"\" srcset=\"https:\/\/veggie-horn.com\/wp-content\/uploads\/2026\/03\/DSC_3235-684x1024.jpg 684w, https:\/\/veggie-horn.com\/wp-content\/uploads\/2026\/03\/DSC_3235-200x300.jpg 200w, https:\/\/veggie-horn.com\/wp-content\/uploads\/2026\/03\/DSC_3235-768x1150.jpg 768w, https:\/\/veggie-horn.com\/wp-content\/uploads\/2026\/03\/DSC_3235-1025x1536.jpg 1025w, https:\/\/veggie-horn.com\/wp-content\/uploads\/2026\/03\/DSC_3235-1367x2048.jpg 1367w, https:\/\/veggie-horn.com\/wp-content\/uploads\/2026\/03\/DSC_3235-600x899.jpg 600w, https:\/\/veggie-horn.com\/wp-content\/uploads\/2026\/03\/DSC_3235-scaled.jpg 1709w\" sizes=\"(max-width: 684px) 100vw, 684px\" \/>\t\t\t\t\t\t\t\t\t\t\t\t\t\t\t<\/div>\n\t\t\t\t<\/div>\n\t\t\t\t\t<\/div>\n\t\t\t\t<\/div>\n\t\t<div class=\"elementor-element elementor-element-584fd46 e-flex e-con-boxed e-con e-parent\" data-id=\"584fd46\" data-element_type=\"container\" data-e-type=\"container\">\n\t\t\t\t\t<div class=\"e-con-inner\">\n\t\t\t\t<div class=\"elementor-element elementor-element-741cf5e elementor-widget elementor-widget-heading\" data-id=\"741cf5e\" data-element_type=\"widget\" data-e-type=\"widget\" data-widget_type=\"heading.default\">\n\t\t\t\t\t<h6 class=\"elementor-heading-title elementor-size-default\">Unsere Geschichte<\/h6>\t\t\t\t<\/div>\n\t\t\t\t<div class=\"elementor-element elementor-element-f537888 elementor-widget elementor-widget-heading\" data-id=\"f537888\" data-element_type=\"widget\" data-e-type=\"widget\" data-widget_type=\"heading.default\">\n\t\t\t\t\t<h2 class=\"elementor-heading-title elementor-size-default\">Warum es Veggie Horn gibt<\/h2>\t\t\t\t<\/div>\n\t\t\t\t<div class=\"elementor-element elementor-element-903af65 elementor-widget elementor-widget-text-editor\" data-id=\"903af65\" data-element_type=\"widget\" data-e-type=\"widget\" data-widget_type=\"text-editor.default\">\n\t\t\t\t\t\t\t\t\t<p data-start=\"1229\" data-end=\"1455\">Veggie Horn entstand aus dem Wunsch, pflanzliche Ern\u00e4hrung nicht als Verzicht, sondern als echten Genuss erlebbar zu machen.<br data-start=\"1353\" data-end=\"1356\" \/>Viele Produkte wirken austauschbar oder \u00fcberzeugen nur teilweise \u2013 genau hier wollten wir ansetzen.<\/p><p data-start=\"1457\" data-end=\"1623\">Unser Ziel ist es, eine Auswahl anzubieten, die vertraute Geschm\u00e4cker neu interpretiert \u2013 auf pflanzlicher Basis, mit hochwertiger Qualit\u00e4t und einem klaren Anspruch.<\/p>\t\t\t\t\t\t\t\t<\/div>\n\t\t\t\t<div class=\"elementor-element elementor-element-8127976 elementor-widget elementor-widget-text-editor\" data-id=\"8127976\" data-element_type=\"widget\" data-e-type=\"widget\" data-widget_type=\"text-editor.default\">\n\t\t\t\t\t\t\t\t\t<p>Wir glauben, dass bewusster Konsum und Genuss kein Widerspruch sind.<br data-start=\"1759\" data-end=\"1762\" \/>Deshalb setzen wir auf Produkte, die nicht nur gut klingen, sondern im Alltag wirklich \u00fcberzeugen \u2013 geschmacklich, visuell und in ihrer Verarbeitung.<\/p>\t\t\t\t\t\t\t\t<\/div>\n\t\t\t\t<div class=\"elementor-element elementor-element-6766cfe elementor-widget elementor-widget-text-editor\" data-id=\"6766cfe\" data-element_type=\"widget\" data-e-type=\"widget\" data-widget_type=\"text-editor.default\">\n\t\t\t\t\t\t\t\t\t<p>Veggie Horn steht f\u00fcr eine neue Selbstverst\u00e4ndlichkeit pflanzlicher Ern\u00e4hrung \u2013 modern, klar und ohne Kompromisse.<\/p>\t\t\t\t\t\t\t\t<\/div>\n\t\t\t\t\t<\/div>\n\t\t\t\t<\/div>\n\t\t\t\t<\/div>","protected":false},"excerpt":{"rendered":"<p>Veggie Horn Pflanzlicher Genuss mit Haltung. Bei Veggie Horn glauben wir, dass guter Geschmack, ehrliche Zutaten und bewusster Konsum zusammengeh\u00f6ren.Wir m\u00f6chten pflanzliche Produkte anbieten, die nicht nur \u00fcberzeugen, sondern im Alltag wirklich Freude machen. Unsere Auswahl steht f\u00fcr Qualit\u00e4t, Klarheit und Genuss \u2013 sorgf\u00e4ltig ausgew\u00e4hlt und mit einem Anspruch, der \u00fcber Standard hinausgeht. Jetzt einkaufen [&hellip;]<\/p>\n","protected":false},"author":1,"featured_media":0,"parent":0,"menu_order":0,"comment_status":"closed","ping_status":"closed","template":"","meta":{"footnotes":""},"class_list":["post-24","page","type-page","status-publish","hentry"],"_links":{"self":[{"href":"https:\/\/veggie-horn.com\/hr\/wp-json\/wp\/v2\/pages\/24","targetHints":{"allow":["GET"]}}],"collection":[{"href":"https:\/\/veggie-horn.com\/hr\/wp-json\/wp\/v2\/pages"}],"about":[{"href":"https:\/\/veggie-horn.com\/hr\/wp-json\/wp\/v2\/types\/page"}],"author":[{"embeddable":true,"href":"https:\/\/veggie-horn.com\/hr\/wp-json\/wp\/v2\/users\/1"}],"replies":[{"embeddable":true,"href":"https:\/\/veggie-horn.com\/hr\/wp-json\/wp\/v2\/comments?post=24"}],"version-history":[{"count":38,"href":"https:\/\/veggie-horn.com\/hr\/wp-json\/wp\/v2\/pages\/24\/revisions"}],"predecessor-version":[{"id":735,"href":"https:\/\/veggie-horn.com\/hr\/wp-json\/wp\/v2\/pages\/24\/revisions\/735"}],"wp:attachment":[{"href":"https:\/\/veggie-horn.com\/hr\/wp-json\/wp\/v2\/media?parent=24"}],"curies":[{"name":"wp","href":"https:\/\/api.w.org\/{rel}","templated":true}]}}