{"id":102,"date":"2026-03-26T16:48:52","date_gmt":"2026-03-26T16:48:52","guid":{"rendered":"https:\/\/veggie-horn.com\/?page_id=102"},"modified":"2026-04-01T12:49:19","modified_gmt":"2026-04-01T12:49:19","slug":"widerrufsrecht","status":"publish","type":"page","link":"https:\/\/veggie-horn.com\/hr\/widerrufsrecht\/","title":{"rendered":"Pravo na odustajanje"},"content":{"rendered":"<div data-elementor-type=\"wp-page\" data-elementor-id=\"102\" class=\"elementor elementor-102\" data-elementor-post-type=\"page\">\n\t\t\t\t<div class=\"elementor-element elementor-element-2b01555 e-flex e-con-boxed e-con e-parent\" data-id=\"2b01555\" data-element_type=\"container\" data-e-type=\"container\">\n\t\t\t\t\t<div class=\"e-con-inner\">\n\t\t\t\t<div class=\"elementor-element elementor-element-8c81763 elementor-widget elementor-widget-text-editor\" data-id=\"8c81763\" data-element_type=\"widget\" data-e-type=\"widget\" data-widget_type=\"text-editor.default\">\n\t\t\t\t\t\t\t\t\t<h2 data-section-id=\"1eyjq5u\" data-start=\"258\" data-end=\"279\">Widerrufsbelehrung<\/h2><p data-start=\"281\" data-end=\"299\"><strong data-start=\"281\" data-end=\"299\">Pravo na odustajanje<\/strong><\/p><p data-start=\"301\" data-end=\"405\">Verbraucher haben das Recht, binnen vierzehn Tagen ohne Angabe von Gr\u00fcnden diesen Vertrag zu widerrufen.<\/p><p data-start=\"407\" data-end=\"459\">Die Widerrufsfrist betr\u00e4gt vierzehn Tage ab dem Tag,<\/p><ul data-start=\"461\" data-end=\"779\"><li data-section-id=\"hbjb3u\" data-start=\"461\" data-end=\"591\">an dem Sie oder ein von Ihnen benannter Dritter, der nicht der Bef\u00f6rderer ist, die Waren in Besitz genommen haben bzw. hat, oder<\/li><li data-section-id=\"1svxi1q\" data-start=\"592\" data-end=\"779\">im Falle einer einheitlichen Bestellung mehrerer Waren, die getrennt geliefert werden, an dem Sie oder ein von Ihnen benannter Dritter die letzte Ware in Besitz genommen haben bzw. hat.<\/li><\/ul><p data-start=\"781\" data-end=\"828\">Um Ihr Widerrufsrecht auszu\u00fcben, m\u00fcssen Sie uns<\/p><p data-start=\"830\" data-end=\"923\"><strong data-start=\"830\" data-end=\"854\">Veggie Horn j.d.o.o.<\/strong><br data-start=\"854\" data-end=\"857\" \/>10631 Sesvete<br data-start=\"870\" data-end=\"873\" \/>OIB: 9988574981<br data-start=\"888\" data-end=\"891\" \/>E-Mail: <a class=\"decorated-link\" href=\"mailto:postfach@veggie-horn.com\" rel=\"noopener\" data-start=\"899\" data-end=\"923\">postfach@veggie-horn.com<\/a><\/p><p data-start=\"925\" data-end=\"1045\">mittels einer eindeutigen Erkl\u00e4rung, z. B. per E-Mail, \u00fcber Ihren Entschluss, diesen Vertrag zu widerrufen, informieren.<\/p><p data-start=\"1047\" data-end=\"1194\">Zur Wahrung der Widerrufsfrist reicht es aus, dass Sie die Mitteilung \u00fcber die Aus\u00fcbung des Widerrufsrechts vor Ablauf der Widerrufsfrist absenden.<\/p><hr data-start=\"1196\" data-end=\"1199\" \/><h2 data-section-id=\"dave75\" data-start=\"1201\" data-end=\"1224\">Folgen des Widerrufs<\/h2><p data-start=\"1226\" data-end=\"1520\">Wenn Sie diesen Vertrag widerrufen, haben wir Ihnen alle Zahlungen, die wir von Ihnen erhalten haben, einschlie\u00dflich der Lieferkosten, unverz\u00fcglich und sp\u00e4testens binnen vierzehn Tagen ab dem Tag zur\u00fcckzuzahlen, an dem die Mitteilung \u00fcber Ihren Widerruf dieses Vertrags bei uns eingegangen ist.<\/p><p data-start=\"1522\" data-end=\"1784\">F\u00fcr diese R\u00fcckzahlung verwenden wir dasselbe Zahlungsmittel, das Sie bei der urspr\u00fcnglichen Transaktion eingesetzt haben, es sei denn, mit Ihnen wurde ausdr\u00fccklich etwas anderes vereinbart. In keinem Fall werden Ihnen wegen dieser R\u00fcckzahlung Entgelte berechnet.<\/p><p data-start=\"1786\" data-end=\"1999\">Wir k\u00f6nnen die R\u00fcckzahlung verweigern, bis wir die Waren wieder zur\u00fcckerhalten haben oder bis Sie den Nachweis erbracht haben, dass Sie die Waren zur\u00fcckgesandt haben, je nachdem, welches der fr\u00fchere Zeitpunkt ist.<\/p><p data-start=\"2001\" data-end=\"2200\">Sie haben die Waren unverz\u00fcglich und in jedem Fall sp\u00e4testens binnen vierzehn Tagen ab dem Tag, an dem Sie uns \u00fcber den Widerruf dieses Vertrags unterrichten, an uns zur\u00fcckzusenden oder zu \u00fcbergeben.<\/p><p data-start=\"2202\" data-end=\"2293\">Die Frist ist gewahrt, wenn Sie die Waren vor Ablauf der Frist von vierzehn Tagen absenden.<\/p><p data-start=\"2295\" data-end=\"2357\">Sie tragen die unmittelbaren Kosten der R\u00fccksendung der Waren.<\/p><p data-start=\"2359\" data-end=\"2589\">Sie m\u00fcssen f\u00fcr einen etwaigen Wertverlust der Waren nur aufkommen, wenn dieser Wertverlust auf einen zur Pr\u00fcfung der Beschaffenheit, Eigenschaften und Funktionsweise der Waren nicht notwendigen Umgang mit ihnen zur\u00fcckzuf\u00fchren ist.<\/p><hr data-start=\"2591\" data-end=\"2594\" \/><h2 data-section-id=\"10yw12z\" data-start=\"2596\" data-end=\"2656\">Ausschluss bzw. vorzeitiges Erl\u00f6schen des Widerrufsrechts<\/h2><p data-start=\"2658\" data-end=\"2729\">Das Widerrufsrecht besteht nicht bei Vertr\u00e4gen zur Lieferung von Waren,<\/p><ul data-start=\"2731\" data-end=\"3127\"><li data-section-id=\"1bnztnk\" data-start=\"2731\" data-end=\"2815\">die schnell verderben k\u00f6nnen oder deren Verfallsdatum schnell \u00fcberschritten w\u00fcrde,<\/li><li data-section-id=\"1k5nqp4\" data-start=\"2816\" data-end=\"2966\">die aus Gr\u00fcnden des Gesundheitsschutzes oder der Hygiene nicht zur R\u00fcckgabe geeignet sind, wenn ihre Versiegelung nach der Lieferung entfernt wurde,<\/li><li data-section-id=\"1xd9304\" data-start=\"2967\" data-end=\"3127\">wenn es sich um gek\u00fchlte, frische oder sonstige verderbliche Lebensmittel handelt, die aufgrund ihrer Beschaffenheit nicht f\u00fcr eine R\u00fccksendung geeignet sind.<\/li><\/ul><p data-start=\"3129\" data-end=\"3348\">Da dein Shop pflanzliche Lebensmittel und teilweise k\u00fchlpflichtige bzw. verderbliche Waren verkauft, kann das Widerrufsrecht f\u00fcr solche Produkte ausgeschlossen sein, soweit die gesetzlichen Voraussetzungen erf\u00fcllt sind.<\/p><hr data-start=\"3350\" data-end=\"3353\" \/><h2 data-section-id=\"156l82r\" data-start=\"3355\" data-end=\"3382\">Muster-Widerrufsformular<\/h2><p data-start=\"3384\" data-end=\"3491\">Wenn Sie den Vertrag widerrufen wollen, dann f\u00fcllen Sie bitte dieses Formular aus und senden Sie es zur\u00fcck.<\/p><p data-start=\"3493\" data-end=\"3574\"><strong data-start=\"3493\" data-end=\"3500\">An:<\/strong><br data-start=\"3500\" data-end=\"3503\" \/>Veggie Horn j.d.o.o.<br data-start=\"3523\" data-end=\"3526\" \/>10631 Sesvete<br data-start=\"3539\" data-end=\"3542\" \/>E-Mail: <a class=\"decorated-link\" href=\"mailto:postfach@veggie-horn.com\" rel=\"noopener\" data-start=\"3550\" data-end=\"3574\">postfach@veggie-horn.com<\/a><\/p><p data-start=\"3576\" data-end=\"3687\">Hiermit widerrufe(n) ich\/wir (<em data-start=\"3606\" data-end=\"3627\">) den von mir\/uns (<\/em>) abgeschlossenen Vertrag \u00fcber den Kauf der folgenden Waren:<\/p><hr data-start=\"3689\" data-end=\"3739\" \/><p data-start=\"3741\" data-end=\"3777\">Bestellt am (<em data-start=\"3754\" data-end=\"3773\">) \/ erhalten am (<\/em>):<\/p><hr data-start=\"3778\" data-end=\"3828\" \/><p data-start=\"3830\" data-end=\"3860\">Name des\/der Verbraucher(s):<\/p><hr data-start=\"3861\" data-end=\"3911\" \/><p data-start=\"3913\" data-end=\"3948\">Anschrift des\/der Verbraucher(s):<\/p><hr data-start=\"3949\" data-end=\"3999\" \/><p data-start=\"4001\" data-end=\"4071\">Unterschrift des\/der Verbraucher(s) (nur bei Mitteilung auf Papier):<\/p><hr data-start=\"4072\" data-end=\"4122\" \/><p data-start=\"4124\" data-end=\"4132\">Datum:<\/p><hr data-start=\"4133\" data-end=\"4183\" \/><p data-start=\"4185\" data-end=\"4214\">(*) Unzutreffendes streichen.<\/p><hr data-start=\"4216\" data-end=\"4219\" \/><h2 data-section-id=\"i3q98v\" data-start=\"4221\" data-end=\"4258\">Empfehlungs-Satz f\u00fcr Produktseiten<\/h2><p data-start=\"4260\" data-end=\"4378\">Zus\u00e4tzlich solltest du bei <strong data-start=\"4287\" data-end=\"4333\">jedem verderblichen oder gek\u00fchlten Produkt<\/strong> einen klaren Hinweis erg\u00e4nzen, zum Beispiel:<\/p><p data-start=\"4380\" data-end=\"4589\"><strong data-start=\"4380\" data-end=\"4405\">Hinweis zum Widerruf:<\/strong><br data-start=\"4405\" data-end=\"4408\" \/>Aus Gr\u00fcnden des Gesundheitsschutzes sowie bei schnell verderblichen Waren kann f\u00fcr dieses Produkt kein Widerrufsrecht bestehen, sofern die gesetzlichen Voraussetzungen erf\u00fcllt sind.<\/p>\t\t\t\t\t\t\t\t<\/div>\n\t\t\t\t\t<\/div>\n\t\t\t\t<\/div>\n\t\t\t\t<\/div>","protected":false},"excerpt":{"rendered":"<p>Widerrufsbelehrung Widerrufsrecht Verbraucher haben das Recht, binnen vierzehn Tagen ohne Angabe von Gr\u00fcnden diesen Vertrag zu widerrufen. Die Widerrufsfrist betr\u00e4gt vierzehn Tage ab dem Tag, an dem Sie oder ein von Ihnen benannter Dritter, der nicht der Bef\u00f6rderer ist, die Waren in Besitz genommen haben bzw. hat, oder im Falle einer einheitlichen Bestellung mehrerer Waren, [&hellip;]<\/p>\n","protected":false},"author":1,"featured_media":0,"parent":0,"menu_order":0,"comment_status":"closed","ping_status":"closed","template":"","meta":{"footnotes":""},"class_list":["post-102","page","type-page","status-publish","hentry"],"_links":{"self":[{"href":"https:\/\/veggie-horn.com\/hr\/wp-json\/wp\/v2\/pages\/102","targetHints":{"allow":["GET"]}}],"collection":[{"href":"https:\/\/veggie-horn.com\/hr\/wp-json\/wp\/v2\/pages"}],"about":[{"href":"https:\/\/veggie-horn.com\/hr\/wp-json\/wp\/v2\/types\/page"}],"author":[{"embeddable":true,"href":"https:\/\/veggie-horn.com\/hr\/wp-json\/wp\/v2\/users\/1"}],"replies":[{"embeddable":true,"href":"https:\/\/veggie-horn.com\/hr\/wp-json\/wp\/v2\/comments?post=102"}],"version-history":[{"count":4,"href":"https:\/\/veggie-horn.com\/hr\/wp-json\/wp\/v2\/pages\/102\/revisions"}],"predecessor-version":[{"id":584,"href":"https:\/\/veggie-horn.com\/hr\/wp-json\/wp\/v2\/pages\/102\/revisions\/584"}],"wp:attachment":[{"href":"https:\/\/veggie-horn.com\/hr\/wp-json\/wp\/v2\/media?parent=102"}],"curies":[{"name":"wp","href":"https:\/\/api.w.org\/{rel}","templated":true}]}}